{"id":96,"date":"2023-10-16T18:44:40","date_gmt":"2023-10-16T16:44:40","guid":{"rendered":"https:\/\/allegem.com\/?page_id=96"},"modified":"2024-03-08T22:52:54","modified_gmt":"2024-03-08T21:52:54","slug":"blog","status":"publish","type":"page","link":"https:\/\/allegem.com\/en\/blog\/","title":{"rendered":"Blog"},"content":{"rendered":"<p>[et_pb_section fb_built=&#8221;1&#8243; custom_padding_last_edited=&#8221;on|tablet&#8221; _builder_version=&#8221;4.23.1&#8243; _module_preset=&#8221;default&#8221; use_background_color_gradient=&#8221;on&#8221; background_color_gradient_type=&#8221;circular&#8221; background_color_gradient_stops=&#8221;rgba(199,239,236,0.85) 0%|rgba(0,33,86,0) 100%&#8221; background_color_gradient_overlays_image=&#8221;on&#8221; background_image=&#8221;https:\/\/allegem.com\/wp-content\/uploads\/2023\/11\/dragako-ezust-ekszer-webshop-foglalatlan-dragako-fulbevalo-karkoto-medal-gyuru-allegem-budapest-2.jpg&#8221; custom_padding=&#8221;80px||80px||true|false&#8221; custom_padding_tablet=&#8221;80px||80px||true|false&#8221; custom_padding_phone=&#8221;110px||110px||true|false&#8221; background_last_edited=&#8221;off|tablet&#8221; use_background_color_gradient_tablet=&#8221;on&#8221; background_color_gradient_stops_tablet=&#8221;rgba(255,255,255,0.55) 0%|rgba(255,255,255,0.46) 100%&#8221; background_color_gradient_overlays_image_tablet=&#8221;on&#8221; parallax_tablet=&#8221;off&#8221; locked=&#8221;off&#8221; global_colors_info=&#8221;{}&#8221;][et_pb_row _builder_version=&#8221;4.23.1&#8243; _module_preset=&#8221;default&#8221; custom_padding=&#8221;||||false|false&#8221; global_colors_info=&#8221;{}&#8221;][et_pb_column type=&#8221;4_4&#8243; _builder_version=&#8221;4.22.2&#8243; _module_preset=&#8221;default&#8221; global_colors_info=&#8221;{}&#8221;][et_pb_text _builder_version=&#8221;4.23.1&#8243; _module_preset=&#8221;default&#8221; header_text_align=&#8221;center&#8221; header_font_size=&#8221;50px&#8221; header_line_height=&#8221;1.4em&#8221; header_2_font=&#8221;||||||||&#8221; header_2_text_align=&#8221;center&#8221; header_2_font_size=&#8221;20px&#8221; header_2_line_height=&#8221;1.3em&#8221; animation_style=&#8221;fade&#8221; header_font_size_tablet=&#8221;50px&#8221; header_font_size_phone=&#8221;50px&#8221; header_font_size_last_edited=&#8221;on|tablet&#8221; global_colors_info=&#8221;{}&#8221;]<\/p>\n<h1><strong>Blog<\/strong><\/h1>\n<p>[\/et_pb_text][\/et_pb_column][\/et_pb_row][\/et_pb_section][et_pb_section fb_built=&#8221;1&#8243; _builder_version=&#8221;4.23.1&#8243; _module_preset=&#8221;default&#8221; custom_padding=&#8221;||0px||false|false&#8221; global_colors_info=&#8221;{}&#8221;][et_pb_row use_custom_gutter=&#8221;on&#8221; gutter_width=&#8221;2&#8243; custom_padding_last_edited=&#8221;on|desktop&#8221; _builder_version=&#8221;4.23.1&#8243; _module_preset=&#8221;default&#8221; custom_padding=&#8221;||0px||false|false&#8221; custom_padding_tablet=&#8221;||0px||false|false&#8221; custom_padding_phone=&#8221;||0px||false|false&#8221; locked=&#8221;off&#8221; global_colors_info=&#8221;{}&#8221;][et_pb_column type=&#8221;4_4&#8243; _builder_version=&#8221;4.22.2&#8243; _module_preset=&#8221;default&#8221; global_colors_info=&#8221;{}&#8221;][et_pb_text _builder_version=&#8221;4.23.1&#8243; _module_preset=&#8221;default&#8221; link_text_color=&#8221;#34BEC1&#8243; header_2_font=&#8221;||||||||&#8221; header_2_text_align=&#8221;center&#8221; header_2_font_size=&#8221;50px&#8221; header_2_line_height=&#8221;1.2em&#8221; header_3_text_align=&#8221;center&#8221; header_3_font_size=&#8221;20px&#8221; header_3_line_height=&#8221;1.3em&#8221; custom_padding=&#8221;||10px||false|false&#8221; custom_padding_tablet=&#8221;||10px||false|false&#8221; custom_padding_phone=&#8221;||10px||false|false&#8221; custom_padding_last_edited=&#8221;on|tablet&#8221; header_2_font_size_tablet=&#8221;30px&#8221; header_2_font_size_phone=&#8221;25px&#8221; header_2_font_size_last_edited=&#8221;on|tablet&#8221; locked=&#8221;off&#8221; global_colors_info=&#8221;{}&#8221;]<\/p>\n<h2>Olvassa el leg\u00fajabb cikkeinket, \u00e9s mer\u00fclj\u00f6n el a dr\u00e1gak\u00f6vek \u00e9s \u00e9kszerek misztikus vil\u00e1g\u00e1ban!<\/h2>\n<p>[\/et_pb_text][et_pb_blog fullwidth=&#8221;off&#8221; meta_date=&#8221;Y. M j.&#8221; excerpt_length=&#8221;150&#8243; show_more=&#8221;on&#8221; show_author=&#8221;off&#8221; masonry_tile_background_color=&#8221;#EDEDED&#8221; _builder_version=&#8221;4.24.2&#8243; _module_preset=&#8221;default&#8221; header_font=&#8221;|600|||||||&#8221; header_font_size=&#8221;22px&#8221; body_text_align=&#8221;justify&#8221; meta_text_color=&#8221;#049B9B&#8221; custom_margin=&#8221;62px|||||&#8221; hover_enabled=&#8221;0&#8243; global_colors_info=&#8221;{}&#8221; border_color_all=&#8221;#EDEDED&#8221; border_width_all=&#8221;10px&#8221; meta_font=&#8221;||on||||||&#8221; meta_font_size=&#8221;13px&#8221; sticky_enabled=&#8221;0&#8243;][\/et_pb_blog][\/et_pb_column][\/et_pb_row][\/et_pb_section][et_pb_section fb_built=&#8221;1&#8243; _builder_version=&#8221;4.22.2&#8243; _module_preset=&#8221;default&#8221; global_module=&#8221;292&#8243; saved_tabs=&#8221;all&#8221; locked=&#8221;off&#8221; global_colors_info=&#8221;{}&#8221;][et_pb_row column_structure=&#8221;1_2,1_2&#8243; make_equal=&#8221;on&#8221; _builder_version=&#8221;4.22.2&#8243; _module_preset=&#8221;default&#8221; width_tablet=&#8221;&#8221; width_phone=&#8221;100%&#8221; width_last_edited=&#8221;on|phone&#8221; custom_css_main_element=&#8221;align-items: center;||&#8221; locked=&#8221;off&#8221; global_colors_info=&#8221;{}&#8221;][et_pb_column type=&#8221;1_2&#8243; _builder_version=&#8221;4.22.2&#8243; _module_preset=&#8221;default&#8221; global_colors_info=&#8221;{}&#8221;][et_pb_image src=&#8221;https:\/\/allegem.com\/wp-content\/uploads\/2023\/10\/saphire-zafir-smaragd-akvamarin-peridot-dragako-ezust-ekszer-webshop-foglalatlan-dragako-fulbevalo-karkoto-medal-gyuru-allegem-budapest.png&#8221; alt=&#8221;dr\u00e1gak\u0151 \u00e9kszer webshop, budapest, zaf\u00edr, smaragd, akvamarin, peridot, foglalatlan dr\u00e1gak\u0151 webshop&#8221; title_text=&#8221;saphire-zafir-smaragd-akvamarin-peridot-dragako-ezust-ekszer-webshop-foglalatlan-dragako-fulbevalo-karkoto-medal-gyuru-allegem-budapest&#8221; _builder_version=&#8221;4.23.1&#8243; _module_preset=&#8221;default&#8221; custom_margin=&#8221;37px|||-243px|false|false&#8221; custom_margin_tablet=&#8221;0px||-30px|0px|false|false&#8221; custom_margin_phone=&#8221;&#8221; custom_margin_last_edited=&#8221;on|tablet&#8221; animation_style=&#8221;zoom&#8221; animation_direction=&#8221;right&#8221; animation_duration=&#8221;1500ms&#8221; animation_delay=&#8221;200ms&#8221; animation_intensity_zoom=&#8221;9%&#8221; global_colors_info=&#8221;{}&#8221;][\/et_pb_image][\/et_pb_column][et_pb_column type=&#8221;1_2&#8243; _builder_version=&#8221;4.23.1&#8243; _module_preset=&#8221;default&#8221; global_colors_info=&#8221;{}&#8221;][et_pb_text _builder_version=&#8221;4.23.1&#8243; _module_preset=&#8221;default&#8221; text_font_size=&#8221;21px&#8221; link_text_color=&#8221;#40D3BD&#8221; header_2_font=&#8221;||||||||&#8221; header_2_font_size=&#8221;30px&#8221; header_2_line_height=&#8221;1.4em&#8221; header_3_text_align=&#8221;left&#8221; header_3_font_size=&#8221;21px&#8221; header_3_line_height=&#8221;1.2em&#8221; custom_padding_tablet=&#8221;||||false|false&#8221; custom_padding_phone=&#8221;|20px||20px|false|true&#8221; custom_padding_last_edited=&#8221;on|phone&#8221; header_2_text_align_tablet=&#8221;center&#8221; header_2_text_align_phone=&#8221;&#8221; header_2_text_align_last_edited=&#8221;on|tablet&#8221; header_2_font_size_tablet=&#8221;&#8221; header_2_font_size_phone=&#8221;25px&#8221; header_2_font_size_last_edited=&#8221;on|phone&#8221; header_3_text_align_tablet=&#8221;center&#8221; header_3_text_align_phone=&#8221;&#8221; header_3_text_align_last_edited=&#8221;on|phone&#8221; global_colors_info=&#8221;{}&#8221;]<\/p>\n<h2>V\u00e1logasson az id\u0151t\u00e1ll\u00f3 \u00e9rt\u00e9ket k\u00e9pvisel\u0151, kiv\u00e1l\u00f3 min\u0151s\u00e9g\u0171 <strong><a href=\"https:\/\/allegem.com\/dragakovek\/\">dr\u00e1gak\u00f6veink<\/a><\/strong> \u00e9s <strong><a href=\"https:\/\/allegem.com\/dragakoves-ekszerek-karkoto-medal-fulbevalo-gyuru\/\">\u00e9kszereink<\/a><\/strong> k\u00f6z\u00f6tt Webshopunkban!<\/h2>\n<h3><strong>25.000 Ft feletti v\u00e1s\u00e1rl\u00e1s eset\u00e9n a sz\u00e1ll\u00edt\u00e1si k\u00f6lts\u00e9g ingyenes!<\/strong><\/h3>\n<p>[\/et_pb_text][et_pb_button button_url=&#8221;https:\/\/allegem.com\/dragako-ekszer-webshop\/&#8221; button_text=&#8221;Tov\u00e1bb a webshopra&#8221; button_alignment=&#8221;left&#8221; button_alignment_tablet=&#8221;center&#8221; button_alignment_phone=&#8221;&#8221; button_alignment_last_edited=&#8221;on|phone&#8221; _builder_version=&#8221;4.22.2&#8243; _module_preset=&#8221;default&#8221; global_colors_info=&#8221;{}&#8221;][\/et_pb_button][\/et_pb_column][\/et_pb_row][\/et_pb_section]<\/p>\n","protected":false},"excerpt":{"rendered":"<p>BlogOlvassa el leg\u00fajabb cikkeinket, \u00e9s mer\u00fclj\u00f6n el a dr\u00e1gak\u00f6vek \u00e9s \u00e9kszerek misztikus vil\u00e1g\u00e1ban!V\u00e1logasson az id\u0151t\u00e1ll\u00f3 \u00e9rt\u00e9ket k\u00e9pvisel\u0151, kiv\u00e1l\u00f3 min\u0151s\u00e9g\u0171 dr\u00e1gak\u00f6veink \u00e9s \u00e9kszereink k\u00f6z\u00f6tt Webshopunkban! 25.000 Ft feletti v\u00e1s\u00e1rl\u00e1s eset\u00e9n a sz\u00e1ll\u00edt\u00e1si k\u00f6lts\u00e9g ingyenes!<\/p>","protected":false},"author":2,"featured_media":233,"parent":0,"menu_order":0,"comment_status":"closed","ping_status":"closed","template":"","meta":{"_seopress_robots_primary_cat":"","_seopress_titles_title":"Blog | AlleGem dr\u00e1gak\u0151, \u00e9kszer webshop | Gy\u00e9m\u00e1nt, Rubin, Zaf\u00edr, Smaragd","_seopress_titles_desc":"Olvassa el leg\u00fajabb cikkeinket, \u00e9s mer\u00fclj\u00f6n el a dr\u00e1gak\u00f6vek \u00e9s \u00e9kszerek misztikus vil\u00e1g\u00e1ban! Dr\u00e1gak\u00f6vek \u00e9s \u00e9kszerek sz\u00e9les v\u00e1laszt\u00e9k\u00e1val v\u00e1rjuk az AlleGem web\u00e1ruh\u00e1zban!\r\n","_seopress_robots_index":"","_et_pb_use_builder":"on","_et_pb_old_content":"","_et_gb_content_width":"","footnotes":""},"class_list":["post-96","page","type-page","status-publish","has-post-thumbnail","hentry"],"_links":{"self":[{"href":"https:\/\/allegem.com\/en\/wp-json\/wp\/v2\/pages\/96","targetHints":{"allow":["GET"]}}],"collection":[{"href":"https:\/\/allegem.com\/en\/wp-json\/wp\/v2\/pages"}],"about":[{"href":"https:\/\/allegem.com\/en\/wp-json\/wp\/v2\/types\/page"}],"author":[{"embeddable":true,"href":"https:\/\/allegem.com\/en\/wp-json\/wp\/v2\/users\/2"}],"replies":[{"embeddable":true,"href":"https:\/\/allegem.com\/en\/wp-json\/wp\/v2\/comments?post=96"}],"version-history":[{"count":0,"href":"https:\/\/allegem.com\/en\/wp-json\/wp\/v2\/pages\/96\/revisions"}],"wp:featuredmedia":[{"embeddable":true,"href":"https:\/\/allegem.com\/en\/wp-json\/wp\/v2\/media\/233"}],"wp:attachment":[{"href":"https:\/\/allegem.com\/en\/wp-json\/wp\/v2\/media?parent=96"}],"curies":[{"name":"wp","href":"https:\/\/api.w.org\/{rel}","templated":true}]}}