{"id":9065,"date":"2024-02-27T07:48:55","date_gmt":"2024-02-27T06:48:55","guid":{"rendered":"https:\/\/allegem.com\/?page_id=9065"},"modified":"2024-03-19T18:13:13","modified_gmt":"2024-03-19T17:13:13","slug":"szallitasi-informaciok","status":"publish","type":"page","link":"https:\/\/allegem.com\/en\/szallitasi-informaciok\/","title":{"rendered":"Sz\u00e1ll\u00edt\u00e1si inform\u00e1ci\u00f3k"},"content":{"rendered":"<p>[et_pb_section fb_built=&#8221;1&#8243; custom_padding_last_edited=&#8221;on|tablet&#8221; _builder_version=&#8221;4.23.1&#8243; _module_preset=&#8221;default&#8221; use_background_color_gradient=&#8221;on&#8221; background_color_gradient_type=&#8221;circular&#8221; background_color_gradient_stops=&#8221;rgba(199,239,236,0.85) 0%|rgba(0,33,86,0) 100%&#8221; background_color_gradient_overlays_image=&#8221;on&#8221; background_image=&#8221;https:\/\/allegem.com\/wp-content\/uploads\/2023\/11\/dragako-ezust-ekszer-webshop-foglalatlan-dragako-fulbevalo-karkoto-medal-gyuru-allegem-budapest-1.jpg&#8221; custom_padding=&#8221;80px||80px||true|false&#8221; custom_padding_tablet=&#8221;80px||80px||true|false&#8221; custom_padding_phone=&#8221;110px||110px||true|false&#8221; background_last_edited=&#8221;off|tablet&#8221; use_background_color_gradient_tablet=&#8221;on&#8221; background_color_gradient_stops_tablet=&#8221;rgba(255,255,255,0.55) 0%|rgba(255,255,255,0.46) 100%&#8221; background_color_gradient_overlays_image_tablet=&#8221;on&#8221; parallax_tablet=&#8221;off&#8221; locked=&#8221;off&#8221; global_colors_info=&#8221;{}&#8221;][et_pb_row custom_padding_last_edited=&#8221;on|tablet&#8221; _builder_version=&#8221;4.23.1&#8243; _module_preset=&#8221;default&#8221; custom_padding_tablet=&#8221;||||false|false&#8221; custom_padding_phone=&#8221;||||false|false&#8221; global_colors_info=&#8221;{}&#8221;][et_pb_column type=&#8221;4_4&#8243; _builder_version=&#8221;4.22.2&#8243; _module_preset=&#8221;default&#8221; global_colors_info=&#8221;{}&#8221;][et_pb_text _builder_version=&#8221;4.24.0&#8243; _module_preset=&#8221;default&#8221; header_text_align=&#8221;center&#8221; header_font_size=&#8221;50px&#8221; header_line_height=&#8221;1.4em&#8221; header_2_font=&#8221;||||||||&#8221; header_2_text_align=&#8221;center&#8221; header_2_font_size=&#8221;20px&#8221; header_2_line_height=&#8221;1.3em&#8221; animation_style=&#8221;fade&#8221; header_font_size_tablet=&#8221;50px&#8221; header_font_size_phone=&#8221;50px&#8221; header_font_size_last_edited=&#8221;on|tablet&#8221; global_colors_info=&#8221;{}&#8221;]<\/p>\n<h1><strong>Sz\u00e1ll\u00edt\u00e1si inform\u00e1ci\u00f3k<\/strong><\/h1>\n<p>[\/et_pb_text][\/et_pb_column][\/et_pb_row][\/et_pb_section][et_pb_section fb_built=&#8221;1&#8243; custom_padding_last_edited=&#8221;off|desktop&#8221; _builder_version=&#8221;4.24.0&#8243; _module_preset=&#8221;default&#8221; background_enable_color=&#8221;off&#8221; custom_padding_tablet=&#8221;30px||40px||false|false&#8221; custom_padding_phone=&#8221;30px||30px||true|false&#8221; locked=&#8221;off&#8221; global_colors_info=&#8221;{}&#8221;][et_pb_row _builder_version=&#8221;4.22.2&#8243; _module_preset=&#8221;default&#8221; global_colors_info=&#8221;{}&#8221;][et_pb_column type=&#8221;4_4&#8243; _builder_version=&#8221;4.22.2&#8243; _module_preset=&#8221;default&#8221; global_colors_info=&#8221;{}&#8221;][et_pb_text _builder_version=&#8221;4.24.2&#8243; _module_preset=&#8221;default&#8221; header_2_font=&#8221;||||||||&#8221; header_2_text_align=&#8221;left&#8221; header_2_text_color=&#8221;#34BEC1&#8243; header_2_font_size=&#8221;35px&#8221; header_3_font=&#8221;||||||||&#8221; header_3_text_align=&#8221;left&#8221; header_3_text_color=&#8221;#34BEC1&#8243; header_3_font_size=&#8221;35px&#8221; custom_margin=&#8221;40px||||false|false&#8221; hover_enabled=&#8221;0&#8243; header_2_font_size_tablet=&#8221;30px&#8221; header_2_font_size_phone=&#8221;25px&#8221; header_2_font_size_last_edited=&#8221;on|phone&#8221; header_3_font_size_tablet=&#8221;30px&#8221; header_3_font_size_phone=&#8221;25px&#8221; header_3_font_size_last_edited=&#8221;on|phone&#8221; text_orientation_phone=&#8221;center&#8221; text_orientation_last_edited=&#8221;off|tablet&#8221; global_colors_info=&#8221;{}&#8221; sticky_enabled=&#8221;0&#8243;]<\/p>\n<h2><strong>GLS h\u00e1zhozsz\u00e1ll\u00edt\u00e1s:<\/strong><\/h2>\n<p><strong>Ingyenes.<\/strong><\/p>\n<p><b>Ut\u00e1nv\u00e9t: ingyenes.<\/b><\/p>\n<p><b><\/b><\/p>\n<h2><b>FOXPOST csomagk\u00fcld\u00e9s:<\/b><\/h2>\n<p><strong>Ingyenes.<\/strong><\/p>\n<p><b>Ut\u00e1nv\u00e9t: ingyenes.<\/b><\/p>\n<p><b><\/b><\/p>\n<h2><b>Magyar Posta &#8211; aj\u00e1nlott lev\u00e9lk\u00fcldem\u00e9ny:<\/b><\/h2>\n<p><strong>Ingyenes.<\/strong><\/p>\n<p><b>Kiz\u00e1r\u00f3lag el\u0151refizet\u00e9ssel.<\/b><\/p>\n<p><b><\/b><\/p>\n<p>[\/et_pb_text][\/et_pb_column][\/et_pb_row][\/et_pb_section][et_pb_section fb_built=&#8221;1&#8243; _builder_version=&#8221;4.22.2&#8243; _module_preset=&#8221;default&#8221; global_module=&#8221;292&#8243; saved_tabs=&#8221;all&#8221; locked=&#8221;off&#8221; global_colors_info=&#8221;{}&#8221;][et_pb_row column_structure=&#8221;1_2,1_2&#8243; make_equal=&#8221;on&#8221; _builder_version=&#8221;4.22.2&#8243; _module_preset=&#8221;default&#8221; width_tablet=&#8221;&#8221; width_phone=&#8221;100%&#8221; width_last_edited=&#8221;on|phone&#8221; custom_css_main_element=&#8221;align-items: center;||&#8221; locked=&#8221;off&#8221; global_colors_info=&#8221;{}&#8221;][et_pb_column type=&#8221;1_2&#8243; _builder_version=&#8221;4.22.2&#8243; _module_preset=&#8221;default&#8221; global_colors_info=&#8221;{}&#8221;][et_pb_image src=&#8221;https:\/\/allegem.com\/wp-content\/uploads\/2023\/10\/saphire-zafir-smaragd-akvamarin-peridot-dragako-ezust-ekszer-webshop-foglalatlan-dragako-fulbevalo-karkoto-medal-gyuru-allegem-budapest.png&#8221; alt=&#8221;dr\u00e1gak\u0151 \u00e9kszer webshop, budapest, zaf\u00edr, smaragd, akvamarin, peridot, foglalatlan dr\u00e1gak\u0151 webshop&#8221; title_text=&#8221;saphire-zafir-smaragd-akvamarin-peridot-dragako-ezust-ekszer-webshop-foglalatlan-dragako-fulbevalo-karkoto-medal-gyuru-allegem-budapest&#8221; _builder_version=&#8221;4.23.1&#8243; _module_preset=&#8221;default&#8221; custom_margin=&#8221;37px|||-243px|false|false&#8221; custom_margin_tablet=&#8221;0px||-30px|0px|false|false&#8221; custom_margin_phone=&#8221;&#8221; custom_margin_last_edited=&#8221;on|tablet&#8221; animation_style=&#8221;zoom&#8221; animation_direction=&#8221;right&#8221; animation_duration=&#8221;1500ms&#8221; animation_delay=&#8221;200ms&#8221; animation_intensity_zoom=&#8221;9%&#8221; global_colors_info=&#8221;{}&#8221;][\/et_pb_image][\/et_pb_column][et_pb_column type=&#8221;1_2&#8243; _builder_version=&#8221;4.23.1&#8243; _module_preset=&#8221;default&#8221; global_colors_info=&#8221;{}&#8221;][et_pb_text _builder_version=&#8221;4.24.2&#8243; _module_preset=&#8221;default&#8221; text_font_size=&#8221;21px&#8221; link_text_color=&#8221;#40D3BD&#8221; header_2_font=&#8221;||||||||&#8221; header_2_font_size=&#8221;30px&#8221; header_2_line_height=&#8221;1.4em&#8221; header_3_text_align=&#8221;left&#8221; header_3_font_size=&#8221;21px&#8221; header_3_line_height=&#8221;1.2em&#8221; custom_padding_tablet=&#8221;||||false|false&#8221; custom_padding_phone=&#8221;|20px||20px|false|true&#8221; custom_padding_last_edited=&#8221;on|phone&#8221; header_2_text_align_tablet=&#8221;center&#8221; header_2_text_align_phone=&#8221;&#8221; header_2_text_align_last_edited=&#8221;on|tablet&#8221; header_2_font_size_tablet=&#8221;&#8221; header_2_font_size_phone=&#8221;25px&#8221; header_2_font_size_last_edited=&#8221;on|phone&#8221; header_3_text_align_tablet=&#8221;center&#8221; header_3_text_align_phone=&#8221;&#8221; header_3_text_align_last_edited=&#8221;on|phone&#8221; global_colors_info=&#8221;{}&#8221;]<\/p>\n<h2>V\u00e1logasson az id\u0151t\u00e1ll\u00f3 \u00e9rt\u00e9ket k\u00e9pvisel\u0151, kiv\u00e1l\u00f3 min\u0151s\u00e9g\u0171 <strong><a href=\"https:\/\/allegem.com\/dragakovek\/\">dr\u00e1gak\u00f6veink<\/a><\/strong> \u00e9s <strong><a href=\"https:\/\/allegem.com\/dragakoves-ekszerek-karkoto-medal-fulbevalo-gyuru\/\">\u00e9kszereink<\/a><\/strong> k\u00f6z\u00f6tt Webshopunkban!<\/h2>\n<h2><strong>Ingyenes sz\u00e1ll\u00edt\u00e1s!!!<\/strong><\/h2>\n<p>[\/et_pb_text][et_pb_button button_url=&#8221;https:\/\/allegem.com\/dragako-ekszer-webshop\/&#8221; button_text=&#8221;Tov\u00e1bb a webshopra&#8221; button_alignment=&#8221;left&#8221; button_alignment_tablet=&#8221;center&#8221; button_alignment_phone=&#8221;&#8221; button_alignment_last_edited=&#8221;on|phone&#8221; _builder_version=&#8221;4.22.2&#8243; _module_preset=&#8221;default&#8221; global_colors_info=&#8221;{}&#8221;][\/et_pb_button][\/et_pb_column][\/et_pb_row][\/et_pb_section]<\/p>\n","protected":false},"excerpt":{"rendered":"<p>Sz\u00e1ll\u00edt\u00e1si inform\u00e1ci\u00f3kGLS h\u00e1zhozsz\u00e1ll\u00edt\u00e1s: Ingyenes. Ut\u00e1nv\u00e9t: ingyenes. FOXPOST csomagk\u00fcld\u00e9s: Ingyenes. Ut\u00e1nv\u00e9t: ingyenes. Magyar Posta &#8211; aj\u00e1nlott lev\u00e9lk\u00fcldem\u00e9ny: Ingyenes. Kiz\u00e1r\u00f3lag el\u0151refizet\u00e9ssel. V\u00e1logasson az id\u0151t\u00e1ll\u00f3 \u00e9rt\u00e9ket k\u00e9pvisel\u0151, kiv\u00e1l\u00f3 min\u0151s\u00e9g\u0171 dr\u00e1gak\u00f6veink \u00e9s \u00e9kszereink k\u00f6z\u00f6tt Webshopunkban! Ingyenes sz\u00e1ll\u00edt\u00e1s!!!<\/p>","protected":false},"author":2,"featured_media":0,"parent":0,"menu_order":0,"comment_status":"closed","ping_status":"closed","template":"","meta":{"_seopress_robots_primary_cat":"","_seopress_titles_title":"","_seopress_titles_desc":"","_seopress_robots_index":"","_et_pb_use_builder":"on","_et_pb_old_content":"","_et_gb_content_width":"","footnotes":""},"class_list":["post-9065","page","type-page","status-publish","hentry"],"_links":{"self":[{"href":"https:\/\/allegem.com\/en\/wp-json\/wp\/v2\/pages\/9065","targetHints":{"allow":["GET"]}}],"collection":[{"href":"https:\/\/allegem.com\/en\/wp-json\/wp\/v2\/pages"}],"about":[{"href":"https:\/\/allegem.com\/en\/wp-json\/wp\/v2\/types\/page"}],"author":[{"embeddable":true,"href":"https:\/\/allegem.com\/en\/wp-json\/wp\/v2\/users\/2"}],"replies":[{"embeddable":true,"href":"https:\/\/allegem.com\/en\/wp-json\/wp\/v2\/comments?post=9065"}],"version-history":[{"count":0,"href":"https:\/\/allegem.com\/en\/wp-json\/wp\/v2\/pages\/9065\/revisions"}],"wp:attachment":[{"href":"https:\/\/allegem.com\/en\/wp-json\/wp\/v2\/media?parent=9065"}],"curies":[{"name":"wp","href":"https:\/\/api.w.org\/{rel}","templated":true}]}}