{"id":376,"date":"2023-10-20T22:11:43","date_gmt":"2023-10-20T20:11:43","guid":{"rendered":"https:\/\/allegem.com\/?page_id=376"},"modified":"2023-11-22T18:13:35","modified_gmt":"2023-11-22T17:13:35","slug":"dragakoves-ekszerek-karkoto-medal-fulbevalo-gyuru","status":"publish","type":"page","link":"https:\/\/allegem.com\/en\/dragakoves-ekszerek-karkoto-medal-fulbevalo-gyuru\/","title":{"rendered":"Dr\u00e1gak\u00f6ves \u00e9kszerek, kark\u00f6t\u0151, med\u00e1l, f\u00fclbeval\u00f3, gy\u0171r\u0171"},"content":{"rendered":"<p>[et_pb_section fb_built=&#8221;1&#8243; custom_padding_last_edited=&#8221;on|tablet&#8221; _builder_version=&#8221;4.23.1&#8243; _module_preset=&#8221;default&#8221; use_background_color_gradient=&#8221;on&#8221; background_color_gradient_type=&#8221;circular&#8221; background_color_gradient_stops=&#8221;rgba(199,239,236,0.85) 0%|rgba(0,33,86,0) 100%&#8221; background_color_gradient_overlays_image=&#8221;on&#8221; background_image=&#8221;https:\/\/allegem.com\/wp-content\/uploads\/2023\/11\/dragako-ezust-ekszer-webshop-foglalatlan-dragako-fulbevalo-karkoto-medal-gyuru-allegem-budapest-5.jpg&#8221; custom_padding=&#8221;80px||80px||true|false&#8221; custom_padding_tablet=&#8221;40px||40px||true|false&#8221; custom_padding_phone=&#8221;72px||72px||true|false&#8221; background_last_edited=&#8221;off|tablet&#8221; use_background_color_gradient_tablet=&#8221;on&#8221; background_color_gradient_stops_tablet=&#8221;rgba(255,255,255,0.55) 0%|rgba(255,255,255,0.46) 100%&#8221; background_color_gradient_overlays_image_tablet=&#8221;on&#8221; parallax_tablet=&#8221;off&#8221; locked=&#8221;off&#8221; global_colors_info=&#8221;{}&#8221;][et_pb_row custom_padding_last_edited=&#8221;on|tablet&#8221; _builder_version=&#8221;4.23.1&#8243; _module_preset=&#8221;default&#8221; custom_padding_tablet=&#8221;||||false|false&#8221; custom_padding_phone=&#8221;45px||||false|false&#8221; global_colors_info=&#8221;{}&#8221;][et_pb_column type=&#8221;4_4&#8243; _builder_version=&#8221;4.22.2&#8243; _module_preset=&#8221;default&#8221; global_colors_info=&#8221;{}&#8221;][et_pb_text _builder_version=&#8221;4.23.1&#8243; _module_preset=&#8221;default&#8221; header_text_align=&#8221;center&#8221; header_font_size=&#8221;50px&#8221; header_line_height=&#8221;1.4em&#8221; header_2_font=&#8221;||||||||&#8221; header_2_text_align=&#8221;center&#8221; header_2_font_size=&#8221;20px&#8221; header_2_line_height=&#8221;1.3em&#8221; animation_style=&#8221;fade&#8221; header_font_size_tablet=&#8221;50px&#8221; header_font_size_phone=&#8221;45px&#8221; header_font_size_last_edited=&#8221;on|tablet&#8221; global_colors_info=&#8221;{}&#8221;]<\/p>\n<h1><strong>\u00c9kszerek<\/strong><\/h1>\n<h2>Egyedi, kifinomult dr\u00e1gak\u00f6vekkel d\u00edsz\u00edtett min\u0151s\u00e9gi\u00a0 f\u00fclbeval\u00f3k, kark\u00f6t\u0151k, med\u00e1lok, gy\u0171r\u0171k<\/h2>\n<p>[\/et_pb_text][\/et_pb_column][\/et_pb_row][\/et_pb_section][et_pb_section fb_built=&#8221;1&#8243; custom_padding_last_edited=&#8221;on|tablet&#8221; _builder_version=&#8221;4.22.2&#8243; _module_preset=&#8221;default&#8221; background_enable_color=&#8221;off&#8221; custom_padding=&#8221;100px||100px||true|false&#8221; custom_padding_tablet=&#8221;50px||50px||true|false&#8221; custom_padding_phone=&#8221;50px||50px||true|false&#8221; locked=&#8221;off&#8221; global_colors_info=&#8221;{}&#8221;][et_pb_row column_structure=&#8221;1_2,1_2&#8243; use_custom_gutter=&#8221;on&#8221; gutter_width=&#8221;2&#8243; _builder_version=&#8221;4.23.1&#8243; _module_preset=&#8221;default&#8221; global_colors_info=&#8221;{}&#8221;][et_pb_column type=&#8221;1_2&#8243; _builder_version=&#8221;4.23&#8243; _module_preset=&#8221;default&#8221; background_color=&#8221;rgba(237,237,237,0.5)&#8221; custom_padding=&#8221;||||true|true&#8221; link_option_url=&#8221;https:\/\/allegem.com\/termekkategoria\/ekszerek\/fulbevalok\/&#8221; global_colors_info=&#8221;{}&#8221;][dsm_flipbox flipbox_type=&#8221;fade&#8221; flipbox_height=&#8221;245px&#8221; _builder_version=&#8221;4.23.1&#8243; _module_preset=&#8221;default&#8221; header_level=&#8221;h3&#8243; header_font=&#8221;|600|||||||&#8221; header_text_align=&#8221;center&#8221; header_text_color=&#8221;#FFFFFF&#8221; header_font_size=&#8221;32px&#8221; content_text_color=&#8221;#FFFFFF&#8221; content_line_height=&#8221;1.5em&#8221; background_enable_color=&#8221;off&#8221; background_enable_image=&#8221;off&#8221; link_option_url=&#8221;https:\/\/allegem.com\/termekkategoria\/ekszerek\/fulbevalok\/&#8221; locked=&#8221;off&#8221; global_colors_info=&#8221;{}&#8221; transform_styles__hover_enabled=&#8221;on|hover&#8221; transform_scale__hover=&#8221;102%|102%&#8221; transform_scale__hover_enabled=&#8221;on|hover&#8221; transform_translate__hover_enabled=&#8221;on|desktop&#8221; transform_rotate__hover_enabled=&#8221;on|desktop&#8221; transform_skew__hover_enabled=&#8221;on|desktop&#8221; transform_origin__hover_enabled=&#8221;on|desktop&#8221;][dsm_flipbox_child title=&#8221;F\u00fclbeval\u00f3k&#8221; alt=&#8221;dr\u00e1gak\u0151, ez\u00fcst, f\u00fclbeval\u00f3, \u00e9kszer webshop, budapest, rubin, zaf\u00edr, smaragd, akvamarin, peridot, foglalatlan dr\u00e1gak\u0151 webshop&#8221; button_url_new_window=&#8221;1&#8243; _builder_version=&#8221;4.23.1&#8243; _module_preset=&#8221;default&#8221; header_font=&#8221;|600|||||||&#8221; header_font_size=&#8221;27px&#8221; content_text_align=&#8221;center&#8221; background_image=&#8221;https:\/\/allegem.com\/wp-content\/uploads\/2023\/11\/dragako-ezust-fulbevalo-ekszer-webshop-foglalatlan-dragako-fulbevalo-allegem-budapest-gyemant-rubin-zafir-smaragd-akvamarin-krizoberill-topaz-turmalin-peridot-granat-gyongy-opal-1.jpg&#8221; background_enable_image=&#8221;on&#8221; custom_padding=&#8221;|15px||15px|false|true&#8221; global_colors_info=&#8221;{}&#8221;][\/dsm_flipbox_child][dsm_flipbox_child alt=&#8221;dr\u00e1gak\u0151, ez\u00fcst, f\u00fclbeval\u00f3, \u00e9kszer webshop, budapest, rubin, zaf\u00edr, smaragd, akvamarin, peridot, foglalatlan dr\u00e1gak\u0151 webshop&#8221; button_url_new_window=&#8221;1&#8243; _builder_version=&#8221;4.23.1&#8243; _module_preset=&#8221;default&#8221; background_image=&#8221;https:\/\/allegem.com\/wp-content\/uploads\/2023\/11\/dragako-ezust-fulbevalo-ekszer-webshop-foglalatlan-dragako-fulbevalo-allegem-budapest-gyemant-rubin-zafir-smaragd-akvamarin-krizoberill-topaz-turmalin-peridot-granat-gyongy-opal-4.jpg&#8221; background_enable_image=&#8221;on&#8221; custom_padding=&#8221;|15px||15px|false|true&#8221; global_colors_info=&#8221;{}&#8221;][\/dsm_flipbox_child][\/dsm_flipbox][\/et_pb_column][et_pb_column type=&#8221;1_2&#8243; _builder_version=&#8221;4.23&#8243; _module_preset=&#8221;default&#8221; background_color=&#8221;rgba(237,237,237,0.5)&#8221; custom_padding=&#8221;||||true|true&#8221; link_option_url=&#8221;https:\/\/allegem.com\/termekkategoria\/ekszerek\/medalok\/&#8221; global_colors_info=&#8221;{}&#8221;][dsm_flipbox flipbox_type=&#8221;fade&#8221; flipbox_height=&#8221;245px&#8221; _builder_version=&#8221;4.23.1&#8243; _module_preset=&#8221;default&#8221; header_level=&#8221;h3&#8243; header_font=&#8221;|600|||||||&#8221; header_text_align=&#8221;center&#8221; header_text_color=&#8221;#FFFFFF&#8221; header_font_size=&#8221;27px&#8221; content_text_color=&#8221;#FFFFFF&#8221; content_line_height=&#8221;1.5em&#8221; background_enable_color=&#8221;off&#8221; background_enable_image=&#8221;off&#8221; link_option_url=&#8221;https:\/\/allegem.com\/termekkategoria\/ekszerek\/medalok&#8221; locked=&#8221;off&#8221; global_colors_info=&#8221;{}&#8221; transform_styles__hover_enabled=&#8221;on|hover&#8221; transform_scale__hover=&#8221;102%|102%&#8221; transform_scale__hover_enabled=&#8221;on|hover&#8221; transform_translate__hover_enabled=&#8221;on|desktop&#8221; transform_rotate__hover_enabled=&#8221;on|desktop&#8221; transform_skew__hover_enabled=&#8221;on|desktop&#8221; transform_origin__hover_enabled=&#8221;on|desktop&#8221;][dsm_flipbox_child title=&#8221;Med\u00e1lok&#8221; alt=&#8221;dr\u00e1gak\u0151, ez\u00fcst med\u00e1l, \u00e9kszer webshop, budapest, zaf\u00edr medal, gy\u00e9m\u00e1nt, rubin, zaf\u00edr, smaragd, akvamarin, krizoberill, topaz, turmalin, peridot, gr\u00e1n\u00e1t, gy\u00f6ngy, opal&#8221; button_url_new_window=&#8221;1&#8243; _builder_version=&#8221;4.23.1&#8243; _module_preset=&#8221;default&#8221; header_font=&#8221;|600|||||||&#8221; content_text_align=&#8221;center&#8221; background_image=&#8221;https:\/\/allegem.com\/wp-content\/uploads\/2023\/11\/dragako-ezust-medal-nyaklanc-ekszer-webshop-foglalatlan-dragako-medal-allegem-budapest-gyemant-rubin-zafir-smaragd-akvamarin-krizoberill-topaz-turmalin-peridot-granat-gyongy-opal-3-1.jpg&#8221; background_enable_image=&#8221;on&#8221; custom_padding=&#8221;|15px||15px|false|true&#8221; global_colors_info=&#8221;{}&#8221;][\/dsm_flipbox_child][dsm_flipbox_child alt=&#8221;dr\u00e1gak\u0151, ez\u00fcst med\u00e1l, \u00e9kszer webshop, budapest, zaf\u00edr medal, gy\u00e9m\u00e1nt, rubin, zaf\u00edr, smaragd, akvamarin, krizoberill, topaz, turmalin, peridot, gr\u00e1n\u00e1t, gy\u00f6ngy, opal&#8221; button_url_new_window=&#8221;1&#8243; _builder_version=&#8221;4.23.1&#8243; _module_preset=&#8221;default&#8221; background_image=&#8221;https:\/\/allegem.com\/wp-content\/uploads\/2023\/11\/dragako-ezust-medal-nyaklanc-ekszer-webshop-foglalatlan-dragako-medal-allegem-budapest-gyemant-rubin-zafir-smaragd-akvamarin-krizoberill-topaz-turmalin-peridot-granat-gyongy-opal-4-1.jpg&#8221; background_enable_image=&#8221;on&#8221; custom_padding=&#8221;|15px||15px|false|true&#8221; global_colors_info=&#8221;{}&#8221;][\/dsm_flipbox_child][\/dsm_flipbox][\/et_pb_column][\/et_pb_row][et_pb_row column_structure=&#8221;1_3,1_3,1_3&#8243; use_custom_gutter=&#8221;on&#8221; gutter_width=&#8221;2&#8243; _builder_version=&#8221;4.23.1&#8243; _module_preset=&#8221;default&#8221; custom_padding=&#8221;6px||||false|false&#8221; global_colors_info=&#8221;{}&#8221;][et_pb_column type=&#8221;1_3&#8243; _builder_version=&#8221;4.23&#8243; _module_preset=&#8221;default&#8221; background_color=&#8221;rgba(237,237,237,0.5)&#8221; custom_padding=&#8221;||||true|true&#8221; link_option_url=&#8221;https:\/\/allegem.com\/termekkategoria\/ekszerek\/gyuruk\/&#8221; global_colors_info=&#8221;{}&#8221;][dsm_flipbox flipbox_type=&#8221;fade&#8221; flipbox_height=&#8221;245px&#8221; _builder_version=&#8221;4.23.1&#8243; _module_preset=&#8221;default&#8221; header_level=&#8221;h3&#8243; header_font=&#8221;|600|||||||&#8221; header_text_align=&#8221;center&#8221; header_text_color=&#8221;#FFFFFF&#8221; header_font_size=&#8221;27px&#8221; content_text_color=&#8221;#FFFFFF&#8221; content_line_height=&#8221;1.5em&#8221; background_enable_color=&#8221;off&#8221; background_enable_image=&#8221;off&#8221; link_option_url=&#8221;https:\/\/allegem.com\/termekkategoria\/ekszerek\/gyuruk&#8221; locked=&#8221;off&#8221; global_colors_info=&#8221;{}&#8221; transform_styles__hover_enabled=&#8221;on|hover&#8221; transform_scale__hover=&#8221;102%|102%&#8221; transform_scale__hover_enabled=&#8221;on|hover&#8221; transform_translate__hover_enabled=&#8221;on|desktop&#8221; transform_rotate__hover_enabled=&#8221;on|desktop&#8221; transform_skew__hover_enabled=&#8221;on|desktop&#8221; transform_origin__hover_enabled=&#8221;on|desktop&#8221;][dsm_flipbox_child title=&#8221;Gy\u0171r\u0171k&#8221; alt=&#8221;dr\u00e1gak\u0151, ez\u00fcst gy\u0171r\u0171, \u00e9kszer webshop, budapest, tanzanite&#8221; button_url_new_window=&#8221;1&#8243; _builder_version=&#8221;4.23.1&#8243; _module_preset=&#8221;default&#8221; header_font=&#8221;|600|||||||&#8221; content_text_align=&#8221;center&#8221; background_image=&#8221;https:\/\/allegem.com\/wp-content\/uploads\/2023\/11\/dragako-ezust-gyuru-ekszer-webshop-foglalatlan-dragako-fulbevalo-karkoto-medal-gyuru-tanzanite-allegem-budapest-4.jpg&#8221; background_enable_image=&#8221;on&#8221; custom_padding=&#8221;|15px||15px|false|true&#8221; global_colors_info=&#8221;{}&#8221;][\/dsm_flipbox_child][dsm_flipbox_child alt=&#8221;dr\u00e1gak\u0151, ez\u00fcst gy\u0171r\u0171, \u00e9kszer webshop, budapest, tanzanite&#8221; button_url_new_window=&#8221;1&#8243; _builder_version=&#8221;4.23.1&#8243; _module_preset=&#8221;default&#8221; background_image=&#8221;https:\/\/allegem.com\/wp-content\/uploads\/2023\/11\/dragako-ezust-gyuru-ekszer-webshop-foglalatlan-dragako-fulbevalo-karkoto-medal-gyuru-tanzanite-allegem-budapest-3.jpg&#8221; background_enable_image=&#8221;on&#8221; custom_padding=&#8221;|15px||15px|false|true&#8221; global_colors_info=&#8221;{}&#8221;][\/dsm_flipbox_child][\/dsm_flipbox][\/et_pb_column][et_pb_column type=&#8221;1_3&#8243; _builder_version=&#8221;4.23&#8243; _module_preset=&#8221;default&#8221; background_enable_color=&#8221;off&#8221; custom_padding=&#8221;||||true|true&#8221; link_option_url=&#8221;https:\/\/allegem.com\/termekkategoria\/ekszerek\/karkotok\/&#8221; global_colors_info=&#8221;{}&#8221;][dsm_flipbox flipbox_type=&#8221;fade&#8221; flipbox_height=&#8221;245px&#8221; _builder_version=&#8221;4.23.1&#8243; _module_preset=&#8221;default&#8221; header_level=&#8221;h3&#8243; header_font=&#8221;|600|||||||&#8221; header_text_align=&#8221;center&#8221; header_text_color=&#8221;#FFFFFF&#8221; header_font_size=&#8221;27px&#8221; content_text_color=&#8221;#FFFFFF&#8221; content_line_height=&#8221;1.5em&#8221; background_enable_color=&#8221;off&#8221; background_enable_image=&#8221;off&#8221; link_option_url=&#8221;https:\/\/allegem.com\/termekkategoria\/ekszerek\/karkotok&#8221; locked=&#8221;off&#8221; global_colors_info=&#8221;{}&#8221; transform_styles__hover_enabled=&#8221;on|hover&#8221; transform_scale__hover=&#8221;102%|102%&#8221; transform_scale__hover_enabled=&#8221;on|hover&#8221; transform_translate__hover_enabled=&#8221;on|desktop&#8221; transform_rotate__hover_enabled=&#8221;on|desktop&#8221; transform_skew__hover_enabled=&#8221;on|desktop&#8221; transform_origin__hover_enabled=&#8221;on|desktop&#8221;][dsm_flipbox_child title=&#8221;Kark\u00f6t\u0151k&#8221; alt=&#8221;dr\u00e1gak\u0151, ez\u00fcst kark\u00f6t\u0151, \u00e9kszer webshop, budapest, zaf\u00edr kark\u00f6t\u0151, gy\u00e9m\u00e1nt, rubin, zaf\u00edr, smaragd, akvamarin, krizoberill, topaz, turmalin, peridot, gr\u00e1n\u00e1t, gy\u00f6ngy, opal&#8221; button_url_new_window=&#8221;1&#8243; _builder_version=&#8221;4.23.1&#8243; _module_preset=&#8221;default&#8221; header_font=&#8221;|600|||||||&#8221; content_text_align=&#8221;center&#8221; background_image=&#8221;https:\/\/allegem.com\/wp-content\/uploads\/2023\/11\/dragakovel-diszitett-ezust-karkoto-webshop-foglalatlan-dragako-karkoto-allegem-budapest-gyemant-rubin-zafir-smaragd-akvamarin-krizoberill-topaz-turmalin-peridot-granat-gyongy-opal-2.jpg&#8221; background_enable_image=&#8221;on&#8221; custom_padding=&#8221;|15px||15px|false|true&#8221; global_colors_info=&#8221;{}&#8221;][\/dsm_flipbox_child][dsm_flipbox_child alt=&#8221;dr\u00e1gak\u0151, ez\u00fcst kark\u00f6t\u0151, \u00e9kszer webshop, budapest, zaf\u00edr kark\u00f6t\u0151, gy\u00e9m\u00e1nt, rubin, zaf\u00edr, smaragd, akvamarin, krizoberill, topaz, turmalin, peridot, gr\u00e1n\u00e1t, gy\u00f6ngy, opal&#8221; button_url_new_window=&#8221;1&#8243; _builder_version=&#8221;4.23.1&#8243; _module_preset=&#8221;default&#8221; background_image=&#8221;https:\/\/allegem.com\/wp-content\/uploads\/2023\/11\/dragakovel-diszitett-ezust-karkoto-webshop-foglalatlan-dragako-karkoto-allegem-budapest-gyemant-rubin-zafir-smaragd-akvamarin-krizoberill-topaz-turmalin-peridot-granat-gyongy-opal-1.jpg&#8221; background_enable_image=&#8221;on&#8221; custom_padding=&#8221;|15px||15px|false|true&#8221; global_colors_info=&#8221;{}&#8221;][\/dsm_flipbox_child][\/dsm_flipbox][\/et_pb_column][et_pb_column type=&#8221;1_3&#8243; _builder_version=&#8221;4.23.1&#8243; _module_preset=&#8221;default&#8221; background_color=&#8221;rgba(237,237,237,0.5)&#8221; custom_padding=&#8221;||||true|true&#8221; link_option_url=&#8221;https:\/\/allegem.com\/termekkategoria\/ekszerek\/bross\/&#8221; global_colors_info=&#8221;{}&#8221;][dsm_flipbox flipbox_type=&#8221;fade&#8221; flipbox_height=&#8221;245px&#8221; _builder_version=&#8221;4.23.1&#8243; _module_preset=&#8221;default&#8221; header_level=&#8221;h3&#8243; header_font=&#8221;|600|||||||&#8221; header_text_align=&#8221;center&#8221; header_text_color=&#8221;#FFFFFF&#8221; header_font_size=&#8221;27px&#8221; content_text_color=&#8221;#FFFFFF&#8221; content_line_height=&#8221;1.5em&#8221; background_enable_color=&#8221;off&#8221; background_enable_image=&#8221;off&#8221; locked=&#8221;off&#8221; global_colors_info=&#8221;{}&#8221; transform_styles__hover_enabled=&#8221;on|hover&#8221; transform_scale__hover=&#8221;102%|102%&#8221; transform_scale__hover_enabled=&#8221;on|hover&#8221; transform_translate__hover_enabled=&#8221;on|desktop&#8221; transform_rotate__hover_enabled=&#8221;on|desktop&#8221; transform_skew__hover_enabled=&#8221;on|desktop&#8221; transform_origin__hover_enabled=&#8221;on|desktop&#8221;][dsm_flipbox_child title=&#8221;Brossok&#8221; alt=&#8221;dr\u00e1gak\u0151, bross, \u00e9kszer webshop, budapest, rubin, zaf\u00edr, smaragd, akvamarin, peridot, foglalatlan dr\u00e1gak\u0151 webshop&#8221; button_url_new_window=&#8221;1&#8243; _builder_version=&#8221;4.23.1&#8243; _module_preset=&#8221;default&#8221; header_font=&#8221;|600|||||||&#8221; content_text_align=&#8221;center&#8221; background_image=&#8221;https:\/\/allegem.com\/wp-content\/uploads\/2023\/11\/dragako-bross-ekszer-webshop-foglalatlan-dragako-allegem-budapest-gyemant-rubin-zafir-smaragd-akvamarin-krizoberill-topaz-turmalin-peridot-granat-gyongy-opal-1.jpg&#8221; background_enable_image=&#8221;on&#8221; custom_padding=&#8221;|15px||15px|false|true&#8221; global_colors_info=&#8221;{}&#8221;][\/dsm_flipbox_child][dsm_flipbox_child alt=&#8221;dr\u00e1gak\u0151, bross, \u00e9kszer webshop, budapest, rubin, zaf\u00edr, smaragd, akvamarin, peridot, foglalatlan dr\u00e1gak\u0151 webshop&#8221; button_url_new_window=&#8221;1&#8243; _builder_version=&#8221;4.23.1&#8243; _module_preset=&#8221;default&#8221; background_image=&#8221;https:\/\/allegem.com\/wp-content\/uploads\/2023\/11\/dragako-bross-ekszer-webshop-foglalatlan-dragako-allegem-budapest-gyemant-rubin-zafir-smaragd-akvamarin-krizoberill-topaz-turmalin-peridot-granat-gyongy-opal-4.jpg&#8221; background_enable_image=&#8221;on&#8221; custom_padding=&#8221;|15px||15px|false|true&#8221; global_colors_info=&#8221;{}&#8221;][\/dsm_flipbox_child][\/dsm_flipbox][\/et_pb_column][\/et_pb_row][\/et_pb_section]<\/p>\n","protected":false},"excerpt":{"rendered":"<p>\u00c9kszerek Egyedi, kifinomult dr\u00e1gak\u00f6vekkel d\u00edsz\u00edtett min\u0151s\u00e9gi\u00a0 f\u00fclbeval\u00f3k, kark\u00f6t\u0151k, med\u00e1lok, gy\u0171r\u0171k<div class=\"et_pb_module dsm_flipbox dsm_flipbox_0 et_clickable\">\n\t\t\t\t\n\t\t\t\t\n\t\t\t\t\n\t\t\t\t\n\t\t\t\t\n\t\t\t\t\n\t\t\t\t<div class=\"et_pb_module_inner\">\n\t\t\t\t\t<div class=\"dsm-flipbox dsm-flipbox-fade dsm_flipbox_hover\"><div class=\"et_pb_module dsm_flipbox_child dsm_flipbox_child_0 et_pb_bg_layout_light  dsm_flipbox_icon_position_top\">\n\t\t\t\t\n\t\t\t\t\n\t\t\t\t\n\t\t\t\t\n\t\t\t\t\n\t\t\t\t\n\t\t\t\t<div class=\"et_pb_module_inner\">\n\t\t\t\t\t\n\t\t\t\n\t\t\t<div class=\"dsm_flipbox_wrapper et_pb_text_align_left\">\n\t\t\t\t<h3 class=\"dsm-title et_pb_module_header\">Earrings<\/h3>\n\t\t\t\t\n\t\t\t\t\n\t\t\t\t\n\t\t\t<\/div>\n\t\t\t\t<\/div>\n\t\t\t<\/div><div class=\"et_pb_module dsm_flipbox_child dsm_flipbox_child_1 et_pb_bg_layout_light  dsm_flipbox_icon_position_top\">\n\t\t\t\t\n\t\t\t\t\n\t\t\t\t\n\t\t\t\t\n\t\t\t\t\n\t\t\t\t\n\t\t\t\t<div class=\"et_pb_module_inner\">\n\t\t\t\t\t\n\t\t\t\n\t\t\t<div class=\"dsm_flipbox_wrapper et_pb_text_align_left\">\n\t\t\t\t\n\t\t\t\t\n\t\t\t\t\n\t\t\t\t\n\t\t\t<\/div>\n\t\t\t\t<\/div>\n\t\t\t<\/div><\/div>\n\t\t\t\t<\/div>\n\t\t\t<\/div><div class=\"et_pb_module dsm_flipbox dsm_flipbox_1 et_clickable\">\n\t\t\t\t\n\t\t\t\t\n\t\t\t\t\n\t\t\t\t\n\t\t\t\t\n\t\t\t\t\n\t\t\t\t<div class=\"et_pb_module_inner\">\n\t\t\t\t\t<div class=\"dsm-flipbox dsm-flipbox-fade dsm_flipbox_hover\"><div class=\"et_pb_module dsm_flipbox_child dsm_flipbox_child_2 et_pb_bg_layout_light  dsm_flipbox_icon_position_top\">\n\t\t\t\t\n\t\t\t\t\n\t\t\t\t\n\t\t\t\t\n\t\t\t\t\n\t\t\t\t\n\t\t\t\t<div class=\"et_pb_module_inner\">\n\t\t\t\t\t\n\t\t\t\n\t\t\t<div class=\"dsm_flipbox_wrapper et_pb_text_align_left\">\n\t\t\t\t<h3 class=\"dsm-title et_pb_module_header\">Pendants and Necklaces<\/h3>\n\t\t\t\t\n\t\t\t\t\n\t\t\t\t\n\t\t\t<\/div>\n\t\t\t\t<\/div>\n\t\t\t<\/div><div class=\"et_pb_module dsm_flipbox_child dsm_flipbox_child_3 et_pb_bg_layout_light  dsm_flipbox_icon_position_top\">\n\t\t\t\t\n\t\t\t\t\n\t\t\t\t\n\t\t\t\t\n\t\t\t\t\n\t\t\t\t\n\t\t\t\t<div class=\"et_pb_module_inner\">\n\t\t\t\t\t\n\t\t\t\n\t\t\t<div class=\"dsm_flipbox_wrapper et_pb_text_align_left\">\n\t\t\t\t\n\t\t\t\t\n\t\t\t\t\n\t\t\t\t\n\t\t\t<\/div>\n\t\t\t\t<\/div>\n\t\t\t<\/div><\/div>\n\t\t\t\t<\/div>\n\t\t\t<\/div><div class=\"et_pb_module dsm_flipbox dsm_flipbox_2 et_clickable\">\n\t\t\t\t\n\t\t\t\t\n\t\t\t\t\n\t\t\t\t\n\t\t\t\t\n\t\t\t\t\n\t\t\t\t<div class=\"et_pb_module_inner\">\n\t\t\t\t\t<div class=\"dsm-flipbox dsm-flipbox-fade dsm_flipbox_hover\"><\/div>\n\t\t\t\t<\/div>\n\t\t\t<\/div><div class=\"et_pb_module dsm_flipbox_child dsm_flipbox_child_4 et_pb_bg_layout_light  dsm_flipbox_icon_position_top\">\n\t\t\t\t\n\t\t\t\t\n\t\t\t\t\n\t\t\t\t\n\t\t\t\t\n\t\t\t\t\n\t\t\t\t<div class=\"et_pb_module_inner\">\n\t\t\t\t\t\n\t\t\t\n\t\t\t<div class=\"dsm_flipbox_wrapper et_pb_text_align_left\">\n\t\t\t\t<h3 class=\"dsm-title et_pb_module_header\">Rings<\/h3>\n\t\t\t\t\n\t\t\t\t\n\t\t\t\t\n\t\t\t<\/div>\n\t\t\t\t<\/div>\n\t\t\t<\/div><div class=\"et_pb_module dsm_flipbox_child dsm_flipbox_child_5 et_pb_bg_layout_light  dsm_flipbox_icon_position_top\">\n\t\t\t\t\n\t\t\t\t\n\t\t\t\t\n\t\t\t\t\n\t\t\t\t\n\t\t\t\t\n\t\t\t\t<div class=\"et_pb_module_inner\">\n\t\t\t\t\t\n\t\t\t\n\t\t\t<div class=\"dsm_flipbox_wrapper et_pb_text_align_left\">\n\t\t\t\t\n\t\t\t\t\n\t\t\t\t\n\t\t\t\t\n\t\t\t<\/div>\n\t\t\t\t<\/div>\n\t\t\t<\/div><\/p>","protected":false},"author":2,"featured_media":940,"parent":0,"menu_order":0,"comment_status":"closed","ping_status":"closed","template":"","meta":{"_seopress_robots_primary_cat":"","_seopress_titles_title":"Dr\u00e1gak\u00f6ves \u00e9kszerek, kark\u00f6t\u0151, med\u00e1l, f\u00fclbeval\u00f3, gy\u0171r\u0171 | AlleGem dr\u00e1gak\u0151, \u00e9kszer webshop | Gy\u00e9m\u00e1nt, Rubin, Zaf\u00edr, Smaragd","_seopress_titles_desc":"Tal\u00e1lja meg a t\u00f6k\u00e9letes \u00e9kszert az AlleGem webshopban, \u00e9s t\u00fcnd\u00f6k\u00f6lj\u00f6n a dr\u00e1gak\u00f6vek f\u00e9ny\u00e9ben!","_seopress_robots_index":"","_et_pb_use_builder":"on","_et_pb_old_content":"","_et_gb_content_width":"","footnotes":""},"class_list":["post-376","page","type-page","status-publish","has-post-thumbnail","hentry"],"_links":{"self":[{"href":"https:\/\/allegem.com\/en\/wp-json\/wp\/v2\/pages\/376","targetHints":{"allow":["GET"]}}],"collection":[{"href":"https:\/\/allegem.com\/en\/wp-json\/wp\/v2\/pages"}],"about":[{"href":"https:\/\/allegem.com\/en\/wp-json\/wp\/v2\/types\/page"}],"author":[{"embeddable":true,"href":"https:\/\/allegem.com\/en\/wp-json\/wp\/v2\/users\/2"}],"replies":[{"embeddable":true,"href":"https:\/\/allegem.com\/en\/wp-json\/wp\/v2\/comments?post=376"}],"version-history":[{"count":0,"href":"https:\/\/allegem.com\/en\/wp-json\/wp\/v2\/pages\/376\/revisions"}],"wp:featuredmedia":[{"embeddable":true,"href":"https:\/\/allegem.com\/en\/wp-json\/wp\/v2\/media\/940"}],"wp:attachment":[{"href":"https:\/\/allegem.com\/en\/wp-json\/wp\/v2\/media?parent=376"}],"curies":[{"name":"wp","href":"https:\/\/api.w.org\/{rel}","templated":true}]}}