{"id":100,"date":"2023-10-16T18:44:51","date_gmt":"2023-10-16T16:44:51","guid":{"rendered":"https:\/\/allegem.com\/?page_id=100"},"modified":"2024-02-22T17:04:16","modified_gmt":"2024-02-22T16:04:16","slug":"kapcsolat","status":"publish","type":"page","link":"https:\/\/allegem.com\/en\/kapcsolat\/","title":{"rendered":"Contact"},"content":{"rendered":"<p>[et_pb_section fb_built=&#8221;1&#8243; custom_padding_last_edited=&#8221;on|tablet&#8221; _builder_version=&#8221;4.23.1&#8243; _module_preset=&#8221;default&#8221; use_background_color_gradient=&#8221;on&#8221; background_color_gradient_type=&#8221;circular&#8221; background_color_gradient_stops=&#8221;rgba(199,239,236,0.85) 0%|rgba(0,33,86,0) 100%&#8221; background_color_gradient_overlays_image=&#8221;on&#8221; background_image=&#8221;https:\/\/allegem.com\/wp-content\/uploads\/2023\/11\/dragako-ezust-ekszer-webshop-foglalatlan-dragako-fulbevalo-karkoto-medal-gyuru-allegem-budapest-3-1.jpg&#8221; custom_padding=&#8221;80px||80px||true|false&#8221; custom_padding_tablet=&#8221;80px||80px||true|false&#8221; custom_padding_phone=&#8221;110px||110px||true|false&#8221; background_last_edited=&#8221;off|tablet&#8221; use_background_color_gradient_tablet=&#8221;on&#8221; background_color_gradient_stops_tablet=&#8221;rgba(255,255,255,0.55) 0%|rgba(255,255,255,0.46) 100%&#8221; background_color_gradient_overlays_image_tablet=&#8221;on&#8221; parallax_tablet=&#8221;off&#8221; locked=&#8221;off&#8221; global_colors_info=&#8221;{}&#8221;][et_pb_row custom_padding_last_edited=&#8221;on|tablet&#8221; _builder_version=&#8221;4.23.1&#8243; _module_preset=&#8221;default&#8221; custom_padding_tablet=&#8221;||||false|false&#8221; custom_padding_phone=&#8221;||||false|false&#8221; global_colors_info=&#8221;{}&#8221;][et_pb_column type=&#8221;4_4&#8243; _builder_version=&#8221;4.22.2&#8243; _module_preset=&#8221;default&#8221; global_colors_info=&#8221;{}&#8221;][et_pb_text _builder_version=&#8221;4.23.1&#8243; _module_preset=&#8221;default&#8221; header_text_align=&#8221;center&#8221; header_font_size=&#8221;50px&#8221; header_line_height=&#8221;1.4em&#8221; header_2_font=&#8221;||||||||&#8221; header_2_text_align=&#8221;center&#8221; header_2_font_size=&#8221;20px&#8221; header_2_line_height=&#8221;1.3em&#8221; animation_style=&#8221;fade&#8221; header_font_size_tablet=&#8221;50px&#8221; header_font_size_phone=&#8221;50px&#8221; header_font_size_last_edited=&#8221;on|tablet&#8221; global_colors_info=&#8221;{}&#8221;]<\/p>\n<h1><strong>Kapcsolat<\/strong><\/h1>\n<p>[\/et_pb_text][\/et_pb_column][\/et_pb_row][\/et_pb_section][et_pb_section fb_built=&#8221;1&#8243; _builder_version=&#8221;4.23.1&#8243; _module_preset=&#8221;default&#8221; custom_padding=&#8221;||105px|||&#8221; global_colors_info=&#8221;{}&#8221;][et_pb_row custom_padding_last_edited=&#8221;on|tablet&#8221; _builder_version=&#8221;4.23.1&#8243; _module_preset=&#8221;default&#8221; width_tablet=&#8221;&#8221; width_phone=&#8221;85%&#8221; width_last_edited=&#8221;on|phone&#8221; custom_padding_tablet=&#8221;||50px||false|false&#8221; custom_padding_phone=&#8221;||50px||false|false&#8221; global_colors_info=&#8221;{}&#8221;][et_pb_column type=&#8221;4_4&#8243; _builder_version=&#8221;4.23.1&#8243; _module_preset=&#8221;default&#8221; global_colors_info=&#8221;{}&#8221;][et_pb_text _builder_version=&#8221;4.23.1&#8243; _module_preset=&#8221;default&#8221; link_text_color=&#8221;#34BEC1&#8243; header_2_font=&#8221;||||||||&#8221; header_2_text_align=&#8221;center&#8221; header_2_font_size=&#8221;50px&#8221; header_2_line_height=&#8221;1.2em&#8221; header_3_text_align=&#8221;center&#8221; header_3_text_color=&#8221;#049B9B&#8221; header_3_font_size=&#8221;25px&#8221; header_3_line_height=&#8221;1.3em&#8221; text_orientation=&#8221;center&#8221; header_2_font_size_tablet=&#8221;35px&#8221; header_2_font_size_phone=&#8221;30px&#8221; header_2_font_size_last_edited=&#8221;on|tablet&#8221; locked=&#8221;off&#8221; global_colors_info=&#8221;{}&#8221;]<\/p>\n<h2>K\u00e9rd\u00e9se van term\u00e9keinkkel kapcsolatban?<\/h2>\n<h3>Keressen minket bizalommal el\u00e9rhet\u0151s\u00e9geinken!<\/h3>\n<p>[\/et_pb_text][et_pb_divider show_divider=&#8221;off&#8221; _builder_version=&#8221;4.22.2&#8243; _module_preset=&#8221;default&#8221; background_color=&#8221;#002156&#8243; width=&#8221;1px&#8221; module_alignment=&#8221;center&#8221; custom_padding=&#8221;20px||20px||true|false&#8221; animation_style=&#8221;slide&#8221; animation_direction=&#8221;top&#8221; animation_duration=&#8221;1350ms&#8221; animation_delay=&#8221;550ms&#8221; animation_intensity_slide=&#8221;32%&#8221; locked=&#8221;off&#8221; global_colors_info=&#8221;{}&#8221;][\/et_pb_divider][et_pb_image src=&#8221;https:\/\/allegem.com\/wp-content\/uploads\/2023\/11\/dragako-ezust-ekszer-webshop-foglalatlan-dragako-fulbevalo-karkoto-medal-gyuru-allegem-budapest-gyemant-logo-2.png&#8221; alt=&#8221;Allegem, Budapest, dr\u00e1gak\u0151, ez\u00fcst, \u00e9kszer webshop, budapest, rubin, zaf\u00edr, smaragd, akvamarin, peridot, foglalatlan dr\u00e1gak\u0151 webshop, logo&#8221; title_text=&#8221;dragako-ezust-ekszer-webshop-foglalatlan-dragako-fulbevalo-karkoto-medal-gyuru-allegem-budapest-gyemant-logo-2&#8243; align=&#8221;center&#8221; _builder_version=&#8221;4.23.1&#8243; _module_preset=&#8221;default&#8221; global_colors_info=&#8221;{}&#8221;][\/et_pb_image][\/et_pb_column][\/et_pb_row][\/et_pb_section][et_pb_section fb_built=&#8221;1&#8243; _builder_version=&#8221;4.23.1&#8243; _module_preset=&#8221;default&#8221; background_enable_color=&#8221;off&#8221; background_image=&#8221;https:\/\/allegem.com\/wp-content\/uploads\/2023\/10\/dragako-ezust-ekszer-webshop-foglalatlan-dragako-fulbevalo-karkoto-medal-gyuru-allegem-budapest-1.jpg&#8221; custom_padding=&#8221;0px||0px||true|false&#8221; border_width_right=&#8221;50px&#8221; border_color_right=&#8221;#FFFFFF&#8221; border_width_left=&#8221;50px&#8221; border_color_left=&#8221;#FFFFFF&#8221; border_width_right_tablet=&#8221;50px&#8221; border_width_right_phone=&#8221;10px&#8221; border_width_right_last_edited=&#8221;on|phone&#8221; border_width_left_tablet=&#8221;50px&#8221; border_width_left_phone=&#8221;10px&#8221; border_width_left_last_edited=&#8221;on|phone&#8221; locked=&#8221;off&#8221; global_colors_info=&#8221;{}&#8221;][et_pb_row column_structure=&#8221;1_2,1_2&#8243; make_equal=&#8221;on&#8221; _builder_version=&#8221;4.23.1&#8243; _module_preset=&#8221;default&#8221; width_tablet=&#8221;&#8221; width_phone=&#8221;85%&#8221; width_last_edited=&#8221;on|phone&#8221; custom_css_main_element=&#8221;align-items: center;||&#8221; global_colors_info=&#8221;{}&#8221;][et_pb_column type=&#8221;1_2&#8243; _builder_version=&#8221;4.22.2&#8243; _module_preset=&#8221;default&#8221; global_colors_info=&#8221;{}&#8221;][et_pb_image src=&#8221;https:\/\/allegem.com\/wp-content\/uploads\/2023\/10\/dragako-ezust-ekszer-webshop-foglalatlan-dragako-fulbevalo-karkoto-medal-gyuru-allegem-budapest-gyemant-rubin-zafir-smaragd-akvamarin-krizoberill-topaz-turmalin-peridot-granat-gyongy-opal-2.png&#8221; alt=&#8221;allegem, budapest, dr\u00e1gak\u0151, ez\u00fcst, \u00e9kszer, foglalatlan dr\u00e1gak\u0151, f\u00fclbeval\u00f3, kark\u00f6t\u0151, med\u00e1l, gy\u0171r\u0171, gy\u00e9m\u00e1nt, rubin, zaf\u00edr, smaragd, akvamarin, krizoberill, topaz, turmalin, peridot, gr\u00e1n\u00e1t, gy\u00f6ngy, op\u00e1l&#8221; title_text=&#8221;dragako-ezust-ekszer-webshop-foglalatlan-dragako-fulbevalo-karkoto-medal-gyuru-allegem-budapest-gyemant-rubin-zafir-smaragd-akvamarin-krizoberill-topaz-turmalin-peridot-granat-gyongy-opal-2&#8243; align=&#8221;center&#8221; _builder_version=&#8221;4.23.1&#8243; _module_preset=&#8221;default&#8221; custom_margin=&#8221;-120px||-78px||false|false&#8221; custom_margin_tablet=&#8221;-100px||-33px||false|false&#8221; custom_margin_phone=&#8221;-100px||-33px||false|false&#8221; custom_margin_last_edited=&#8221;on|tablet&#8221; scroll_vertical_motion_enable=&#8221;on&#8221; scroll_vertical_motion=&#8221;0|50|50|100|0.5|0|-0.5&#8243; scroll_vertical_motion_tablet=&#8221;0|50|50|100|0.5|0|-0.5&#8243; scroll_vertical_motion_phone=&#8221;0|50|50|100|0.1|0|0.1&#8243; scroll_vertical_motion_last_edited=&#8221;on|tablet&#8221; global_colors_info=&#8221;{}&#8221;][\/et_pb_image][et_pb_text _builder_version=&#8221;4.23.1&#8243; _module_preset=&#8221;default&#8221; header_2_text_align=&#8221;center&#8221; header_2_text_color=&#8221;#FFFFFF&#8221; header_2_font_size=&#8221;35px&#8221; text_orientation=&#8221;center&#8221; custom_margin=&#8221;45px|||||&#8221; header_2_font_size_tablet=&#8221;35px&#8221; header_2_font_size_phone=&#8221;30px&#8221; header_2_font_size_last_edited=&#8221;on|phone&#8221; global_colors_info=&#8221;{}&#8221;]<\/p>\n<h2>Hungemhunter Kft.<\/h2>\n<p>[\/et_pb_text][et_pb_blurb title=&#8221;E-mail c\u00edm:&#8221; use_icon=&#8221;on&#8221; font_icon=&#8221;&#xe076;||divi||400&#8243; icon_color=&#8221;#C7EFEC&#8221; image_icon_background_color=&#8221;RGBA(255,255,255,0)&#8221; image_icon_width=&#8221;32px&#8221; _builder_version=&#8221;4.23.1&#8243; _module_preset=&#8221;default&#8221; header_text_align=&#8221;center&#8221; header_text_color=&#8221;#FFFFFF&#8221; body_text_align=&#8221;center&#8221; body_text_color=&#8221;#C7EFEC&#8221; body_link_text_color=&#8221;#C7EFEC&#8221; global_colors_info=&#8221;{}&#8221;]<\/p>\n<p><a href=\"mailto:info@allegem.com\">info@allegem.com<\/a><\/p>\n<p>[\/et_pb_blurb][et_pb_blurb title=&#8221;Telefonsz\u00e1m:&#8221; use_icon=&#8221;on&#8221; font_icon=&#8221;&#xf879;||fa||900&#8243; icon_color=&#8221;#C7EFEC&#8221; image_icon_background_color=&#8221;RGBA(255,255,255,0)&#8221; image_icon_width=&#8221;32px&#8221; _builder_version=&#8221;4.23.1&#8243; _module_preset=&#8221;default&#8221; header_text_align=&#8221;center&#8221; header_text_color=&#8221;#FFFFFF&#8221; body_text_align=&#8221;center&#8221; body_text_color=&#8221;#C7EFEC&#8221; body_link_text_color=&#8221;#C7EFEC&#8221; global_colors_info=&#8221;{}&#8221;]<\/p>\n<p><a href=\"tel:+36300982952\">+36 30 098 29 52<\/a><\/p>\n<p>[\/et_pb_blurb][\/et_pb_column][et_pb_column type=&#8221;1_2&#8243; _builder_version=&#8221;4.23.1&#8243; _module_preset=&#8221;default&#8221; background_color=&#8221;#EDEDED&#8221; custom_padding=&#8221;20px|20px|20px|20px|true|true&#8221; global_colors_info=&#8221;{}&#8221;][et_pb_text _builder_version=&#8221;4.23.1&#8243; _module_preset=&#8221;default&#8221; header_2_text_align=&#8221;center&#8221; header_2_font_size=&#8221;35px&#8221; custom_margin=&#8221;||10px||false|false&#8221; header_2_font_size_tablet=&#8221;35px&#8221; header_2_font_size_phone=&#8221;30px&#8221; header_2_font_size_last_edited=&#8221;on|phone&#8221; global_colors_info=&#8221;{}&#8221;]<\/p>\n<h2>\u00cdrjon \u00fczenetet!<\/h2>\n<p>[\/et_pb_text][et_pb_contact_form email=&#8221;info@allegem.com&#8221; custom_message=&#8221;Weboldalatokr\u00f3l megkeres\u00e9s \u00e9rkezett:||et_pb_line_break_holder||||et_pb_line_break_holder||N\u00e9v: %%Name%%||et_pb_line_break_holder||||et_pb_line_break_holder||Telefonsz\u00e1m: %%Telefonszam%%||et_pb_line_break_holder||||et_pb_line_break_holder||E-mail: %%Email%%||et_pb_line_break_holder||||et_pb_line_break_holder||\u00dczenet: %%Message%%||et_pb_line_break_holder||||et_pb_line_break_holder||Adatkezel\u00e9si t\u00e1j\u00e9koztat\u00f3: %%Adatvedelem%%&#8221; success_message=&#8221;\u00dczenetedet sikeresen megkaptuk, hamarosan felvessz\u00fck veled a kapcsolatot.&#8221; _builder_version=&#8221;4.23.1&#8243; _module_preset=&#8221;default&#8221; _unique_id=&#8221;98cdb1de-66eb-4df9-84c9-7e97c94b5a91&#8243; form_field_background_color=&#8221;#FFFFFF&#8221; form_field_text_color=&#8221;#049B9B&#8221; form_field_focus_background_color=&#8221;#FFFFFF&#8221; form_field_focus_text_color=&#8221;#049B9B&#8221; global_colors_info=&#8221;{}&#8221;][et_pb_contact_field field_id=&#8221;Name&#8221; field_title=&#8221;N\u00e9v&#8221; fullwidth_field=&#8221;on&#8221; _builder_version=&#8221;4.23.1&#8243; global_colors_info=&#8221;{}&#8221; button_text_size__hover_enabled=&#8221;off&#8221; button_one_text_size__hover_enabled=&#8221;off&#8221; button_two_text_size__hover_enabled=&#8221;off&#8221; button_text_color__hover_enabled=&#8221;off&#8221; button_one_text_color__hover_enabled=&#8221;off&#8221; button_two_text_color__hover_enabled=&#8221;off&#8221; button_border_width__hover_enabled=&#8221;off&#8221; button_one_border_width__hover_enabled=&#8221;off&#8221; button_two_border_width__hover_enabled=&#8221;off&#8221; button_border_color__hover_enabled=&#8221;off&#8221; button_one_border_color__hover_enabled=&#8221;off&#8221; button_two_border_color__hover_enabled=&#8221;off&#8221; button_border_radius__hover_enabled=&#8221;off&#8221; button_one_border_radius__hover_enabled=&#8221;off&#8221; button_two_border_radius__hover_enabled=&#8221;off&#8221; button_letter_spacing__hover_enabled=&#8221;off&#8221; button_one_letter_spacing__hover_enabled=&#8221;off&#8221; button_two_letter_spacing__hover_enabled=&#8221;off&#8221; button_bg_color__hover_enabled=&#8221;off&#8221; button_one_bg_color__hover_enabled=&#8221;off&#8221; button_two_bg_color__hover_enabled=&#8221;off&#8221;][\/et_pb_contact_field][et_pb_contact_field field_id=&#8221;Telefonszam&#8221; field_title=&#8221;Telefonsz\u00e1m&#8221; _builder_version=&#8221;4.23.1&#8243; _module_preset=&#8221;default&#8221; global_colors_info=&#8221;{}&#8221;][\/et_pb_contact_field][et_pb_contact_field field_id=&#8221;Email&#8221; field_title=&#8221;Email c\u00edm&#8221; field_type=&#8221;email&#8221; _builder_version=&#8221;4.16&#8243; global_colors_info=&#8221;{}&#8221; button_text_size__hover_enabled=&#8221;off&#8221; button_one_text_size__hover_enabled=&#8221;off&#8221; button_two_text_size__hover_enabled=&#8221;off&#8221; button_text_color__hover_enabled=&#8221;off&#8221; button_one_text_color__hover_enabled=&#8221;off&#8221; button_two_text_color__hover_enabled=&#8221;off&#8221; button_border_width__hover_enabled=&#8221;off&#8221; button_one_border_width__hover_enabled=&#8221;off&#8221; button_two_border_width__hover_enabled=&#8221;off&#8221; button_border_color__hover_enabled=&#8221;off&#8221; button_one_border_color__hover_enabled=&#8221;off&#8221; button_two_border_color__hover_enabled=&#8221;off&#8221; button_border_radius__hover_enabled=&#8221;off&#8221; button_one_border_radius__hover_enabled=&#8221;off&#8221; button_two_border_radius__hover_enabled=&#8221;off&#8221; button_letter_spacing__hover_enabled=&#8221;off&#8221; button_one_letter_spacing__hover_enabled=&#8221;off&#8221; button_two_letter_spacing__hover_enabled=&#8221;off&#8221; button_bg_color__hover_enabled=&#8221;off&#8221; button_one_bg_color__hover_enabled=&#8221;off&#8221; button_two_bg_color__hover_enabled=&#8221;off&#8221;][\/et_pb_contact_field][et_pb_contact_field field_id=&#8221;Message&#8221; field_title=&#8221;\u00dczenet&#8221; field_type=&#8221;text&#8221; fullwidth_field=&#8221;on&#8221; _builder_version=&#8221;4.16&#8243; global_colors_info=&#8221;{}&#8221; button_text_size__hover_enabled=&#8221;off&#8221; button_one_text_size__hover_enabled=&#8221;off&#8221; button_two_text_size__hover_enabled=&#8221;off&#8221; button_text_color__hover_enabled=&#8221;off&#8221; button_one_text_color__hover_enabled=&#8221;off&#8221; button_two_text_color__hover_enabled=&#8221;off&#8221; button_border_width__hover_enabled=&#8221;off&#8221; button_one_border_width__hover_enabled=&#8221;off&#8221; button_two_border_width__hover_enabled=&#8221;off&#8221; button_border_color__hover_enabled=&#8221;off&#8221; button_one_border_color__hover_enabled=&#8221;off&#8221; button_two_border_color__hover_enabled=&#8221;off&#8221; button_border_radius__hover_enabled=&#8221;off&#8221; button_one_border_radius__hover_enabled=&#8221;off&#8221; button_two_border_radius__hover_enabled=&#8221;off&#8221; button_letter_spacing__hover_enabled=&#8221;off&#8221; button_one_letter_spacing__hover_enabled=&#8221;off&#8221; button_two_letter_spacing__hover_enabled=&#8221;off&#8221; button_bg_color__hover_enabled=&#8221;off&#8221; button_one_bg_color__hover_enabled=&#8221;off&#8221; button_two_bg_color__hover_enabled=&#8221;off&#8221;][\/et_pb_contact_field][et_pb_contact_field field_id=&#8221;Adatvedelem&#8221; field_title=&#8221;Adatkezel\u00e9si t\u00e1j\u00e9koztat\u00f3&#8221; field_type=&#8221;checkbox&#8221; checkbox_options=&#8221;%91{%22value%22:%22Az Adatkezel\u00e9si T\u00e1j\u00e9koztat\u00f3ban foglaltakat elolvastam, meg\u00e9rtettem \u00e9s tudom\u00e1sul vettem.%22,%22checked%22:0,%22dragID%22:-1,%22link_url%22:%22https:\/\/allegem.com\/privacy-policy\/%22,%22link_text%22:%22Adatkezel\u00e9si t\u00e1j\u00e9koztat\u00f3%22}%93&#8243; fullwidth_field=&#8221;on&#8221; _builder_version=&#8221;4.23.1&#8243; _module_preset=&#8221;default&#8221; global_colors_info=&#8221;{}&#8221;][\/et_pb_contact_field][\/et_pb_contact_form][\/et_pb_column][\/et_pb_row][\/et_pb_section][et_pb_section fb_built=&#8221;1&#8243; _builder_version=&#8221;4.22.2&#8243; _module_preset=&#8221;default&#8221; global_module=&#8221;292&#8243; saved_tabs=&#8221;all&#8221; locked=&#8221;off&#8221; global_colors_info=&#8221;{}&#8221;][et_pb_row column_structure=&#8221;1_2,1_2&#8243; make_equal=&#8221;on&#8221; _builder_version=&#8221;4.22.2&#8243; _module_preset=&#8221;default&#8221; width_tablet=&#8221;&#8221; width_phone=&#8221;100%&#8221; width_last_edited=&#8221;on|phone&#8221; custom_css_main_element=&#8221;align-items: center;||&#8221; locked=&#8221;off&#8221; global_colors_info=&#8221;{}&#8221;][et_pb_column type=&#8221;1_2&#8243; _builder_version=&#8221;4.22.2&#8243; _module_preset=&#8221;default&#8221; global_colors_info=&#8221;{}&#8221;][et_pb_image src=&#8221;https:\/\/allegem.com\/wp-content\/uploads\/2023\/10\/saphire-zafir-smaragd-akvamarin-peridot-dragako-ezust-ekszer-webshop-foglalatlan-dragako-fulbevalo-karkoto-medal-gyuru-allegem-budapest.png&#8221; alt=&#8221;dr\u00e1gak\u0151 \u00e9kszer webshop, budapest, zaf\u00edr, smaragd, akvamarin, peridot, foglalatlan dr\u00e1gak\u0151 webshop&#8221; title_text=&#8221;saphire-zafir-smaragd-akvamarin-peridot-dragako-ezust-ekszer-webshop-foglalatlan-dragako-fulbevalo-karkoto-medal-gyuru-allegem-budapest&#8221; _builder_version=&#8221;4.23.1&#8243; _module_preset=&#8221;default&#8221; custom_margin=&#8221;37px|||-243px|false|false&#8221; custom_margin_tablet=&#8221;0px||-30px|0px|false|false&#8221; custom_margin_phone=&#8221;&#8221; custom_margin_last_edited=&#8221;on|tablet&#8221; animation_style=&#8221;zoom&#8221; animation_direction=&#8221;right&#8221; animation_duration=&#8221;1500ms&#8221; animation_delay=&#8221;200ms&#8221; animation_intensity_zoom=&#8221;9%&#8221; global_colors_info=&#8221;{}&#8221;][\/et_pb_image][\/et_pb_column][et_pb_column type=&#8221;1_2&#8243; _builder_version=&#8221;4.23.1&#8243; _module_preset=&#8221;default&#8221; global_colors_info=&#8221;{}&#8221;][et_pb_text _builder_version=&#8221;4.23.1&#8243; _module_preset=&#8221;default&#8221; text_font_size=&#8221;21px&#8221; link_text_color=&#8221;#40D3BD&#8221; header_2_font=&#8221;||||||||&#8221; header_2_font_size=&#8221;30px&#8221; header_2_line_height=&#8221;1.4em&#8221; header_3_text_align=&#8221;left&#8221; header_3_font_size=&#8221;21px&#8221; header_3_line_height=&#8221;1.2em&#8221; custom_padding_tablet=&#8221;||||false|false&#8221; custom_padding_phone=&#8221;|20px||20px|false|true&#8221; custom_padding_last_edited=&#8221;on|phone&#8221; header_2_text_align_tablet=&#8221;center&#8221; header_2_text_align_phone=&#8221;&#8221; header_2_text_align_last_edited=&#8221;on|tablet&#8221; header_2_font_size_tablet=&#8221;&#8221; header_2_font_size_phone=&#8221;25px&#8221; header_2_font_size_last_edited=&#8221;on|phone&#8221; header_3_text_align_tablet=&#8221;center&#8221; header_3_text_align_phone=&#8221;&#8221; header_3_text_align_last_edited=&#8221;on|phone&#8221; global_colors_info=&#8221;{}&#8221;]<\/p>\n<h2>V\u00e1logasson az id\u0151t\u00e1ll\u00f3 \u00e9rt\u00e9ket k\u00e9pvisel\u0151, kiv\u00e1l\u00f3 min\u0151s\u00e9g\u0171 <strong><a href=\"https:\/\/allegem.com\/dragakovek\/\">dr\u00e1gak\u00f6veink<\/a><\/strong> \u00e9s <strong><a href=\"https:\/\/allegem.com\/dragakoves-ekszerek-karkoto-medal-fulbevalo-gyuru\/\">\u00e9kszereink<\/a><\/strong> k\u00f6z\u00f6tt Webshopunkban!<\/h2>\n<h3><strong>25.000 Ft feletti v\u00e1s\u00e1rl\u00e1s eset\u00e9n a sz\u00e1ll\u00edt\u00e1si k\u00f6lts\u00e9g ingyenes!<\/strong><\/h3>\n<p>[\/et_pb_text][et_pb_button button_url=&#8221;https:\/\/allegem.com\/dragako-ekszer-webshop\/&#8221; button_text=&#8221;Tov\u00e1bb a webshopra&#8221; button_alignment=&#8221;left&#8221; button_alignment_tablet=&#8221;center&#8221; button_alignment_phone=&#8221;&#8221; button_alignment_last_edited=&#8221;on|phone&#8221; _builder_version=&#8221;4.22.2&#8243; _module_preset=&#8221;default&#8221; global_colors_info=&#8221;{}&#8221;][\/et_pb_button][\/et_pb_column][\/et_pb_row][\/et_pb_section]<\/p>\n","protected":false},"excerpt":{"rendered":"<p>KapcsolatK\u00e9rd\u00e9se van term\u00e9keinkkel kapcsolatban? Keressen minket bizalommal el\u00e9rhet\u0151s\u00e9geinken!Hungemhunter Kft.info@allegem.com+36 30 098 29 52\u00cdrjon \u00fczenetet!V\u00e1logasson az id\u0151t\u00e1ll\u00f3 \u00e9rt\u00e9ket k\u00e9pvisel\u0151, kiv\u00e1l\u00f3 min\u0151s\u00e9g\u0171 dr\u00e1gak\u00f6veink \u00e9s \u00e9kszereink k\u00f6z\u00f6tt Webshopunkban! 25.000 Ft feletti v\u00e1s\u00e1rl\u00e1s eset\u00e9n a sz\u00e1ll\u00edt\u00e1si k\u00f6lts\u00e9g ingyenes!<\/p>","protected":false},"author":2,"featured_media":1038,"parent":0,"menu_order":0,"comment_status":"closed","ping_status":"closed","template":"","meta":{"_seopress_robots_primary_cat":"","_seopress_titles_title":"Kapcsolat | AlleGem dr\u00e1gak\u0151, \u00e9kszer webshop | Gy\u00e9m\u00e1nt, Rubin, Zaf\u00edr, Smaragd","_seopress_titles_desc":"K\u00e9rd\u00e9se van term\u00e9keinkkel kapcsolatban? Keressen minket bizalommal el\u00e9rhet\u0151s\u00e9geinken, \u00e9s v\u00e1logasson az AlleGem web\u00e1ruh\u00e1z sz\u00e9les \u00e9kszer \u00e9s dr\u00e1gak\u0151 k\u00edn\u00e1lat\u00e1b\u00f3l!","_seopress_robots_index":"","_et_pb_use_builder":"on","_et_pb_old_content":"","_et_gb_content_width":"","footnotes":""},"class_list":["post-100","page","type-page","status-publish","has-post-thumbnail","hentry"],"_links":{"self":[{"href":"https:\/\/allegem.com\/en\/wp-json\/wp\/v2\/pages\/100","targetHints":{"allow":["GET"]}}],"collection":[{"href":"https:\/\/allegem.com\/en\/wp-json\/wp\/v2\/pages"}],"about":[{"href":"https:\/\/allegem.com\/en\/wp-json\/wp\/v2\/types\/page"}],"author":[{"embeddable":true,"href":"https:\/\/allegem.com\/en\/wp-json\/wp\/v2\/users\/2"}],"replies":[{"embeddable":true,"href":"https:\/\/allegem.com\/en\/wp-json\/wp\/v2\/comments?post=100"}],"version-history":[{"count":0,"href":"https:\/\/allegem.com\/en\/wp-json\/wp\/v2\/pages\/100\/revisions"}],"wp:featuredmedia":[{"embeddable":true,"href":"https:\/\/allegem.com\/en\/wp-json\/wp\/v2\/media\/1038"}],"wp:attachment":[{"href":"https:\/\/allegem.com\/en\/wp-json\/wp\/v2\/media?parent=100"}],"curies":[{"name":"wp","href":"https:\/\/api.w.org\/{rel}","templated":true}]}}